{"id":11918,"date":"2021-05-31T19:29:01","date_gmt":"2021-05-31T17:29:01","guid":{"rendered":"https:\/\/www.keune.hr\/1922-purifying-shampoo\/"},"modified":"2026-04-16T01:33:29","modified_gmt":"2026-04-15T23:33:29","slug":"1922-purifying-shampoo-250-ml","status":"publish","type":"product","link":"https:\/\/www.keune.hr\/webshop\/1922-purifying-shampoo-250-ml\/","title":{"rendered":"1922 Purifying Shampoo 250 ml"},"content":{"rendered":"<p>Vrijeme je da se u potpunosti ukloni perut \u2013 rje\u0161avanjem problema u korijenu.<\/p>\n<p>Purifying \u0161ampon tako\u0111er smiruje vlasi\u0161te i odr\u017eava kosu jakom i otpornom.<\/p>\n<p>Uklanjanje tih gadnih pahuljica peruti. To ljudima nije ba\u0161 omiljena tema &#8211; niti je to uvijek lako rje\u0161avati. Zato smo razvili na\u0161 u\u010dinkoviti Purifying \u0161ampon sa Zinc pyrithione za borbu protiv gljivica koje izazivaju perut.<\/p>\n<p>Dok rje\u0161avamo perut proizvodima iz linije 1922 by J.M. Keune, Keune tako\u0111er brine o zdravlju kose.<\/p>\n<p>Kreatin poma\u017ee da kosa ostane jaka sprije\u010davaju\u0107i lomljenje vlasi Tako mo\u017eete le\u017eerno provu\u0107i prste kroz zdravu kosu dok nosite taj moderan crni pulover od ka\u0161mira.<\/p>\n<p>Umasirajte u mokru kosu i vlasi\u0161te. Isperite. Nanesite jo\u0161 jednom i ostavite 2 minute. Temeljito isperite. Koristite dvaput tjedno ili po preporuci.<\/p>\n","protected":false},"excerpt":{"rendered":"<p>Ovaj blagi \u0161ampon umiruje vlasi\u0161te i uklanja vidljivu perut.<\/p>\n<p>Sadr\u017ei kreatin.<\/p>\n<p>Nakon pranja \u0161amponom nanesite regenerator po va\u0161em izboru.<\/p>\n<p>&nbsp;<\/p>\n","protected":false},"featured_media":11796,"template":"","meta":{"_acf_changed":false},"product_brand":[],"product_cat":[699,701,757,660,696],"product_tag":[764],"class_list":{"0":"post-11918","1":"product","2":"type-product","3":"status-publish","4":"has-post-thumbnail","6":"product_cat-robna-marka","7":"product_cat-1922-by-j-m-keune","8":"product_cat-purifying","9":"product_cat-za-muskarce","10":"product_cat-sampon-za-muskarce","11":"product_tag-protiv-peruti","13":"first","14":"instock","15":"taxable","16":"shipping-taxable","17":"purchasable","18":"product-type-simple"},"acf":[],"_links":{"self":[{"href":"https:\/\/www.keune.hr\/webshop\/wp-json\/wp\/v2\/product\/11918","targetHints":{"allow":["GET"]}}],"collection":[{"href":"https:\/\/www.keune.hr\/webshop\/wp-json\/wp\/v2\/product"}],"about":[{"href":"https:\/\/www.keune.hr\/webshop\/wp-json\/wp\/v2\/types\/product"}],"version-history":[{"count":5,"href":"https:\/\/www.keune.hr\/webshop\/wp-json\/wp\/v2\/product\/11918\/revisions"}],"predecessor-version":[{"id":17153,"href":"https:\/\/www.keune.hr\/webshop\/wp-json\/wp\/v2\/product\/11918\/revisions\/17153"}],"wp:featuredmedia":[{"embeddable":true,"href":"https:\/\/www.keune.hr\/webshop\/wp-json\/wp\/v2\/media\/11796"}],"wp:attachment":[{"href":"https:\/\/www.keune.hr\/webshop\/wp-json\/wp\/v2\/media?parent=11918"}],"wp:term":[{"taxonomy":"product_brand","embeddable":true,"href":"https:\/\/www.keune.hr\/webshop\/wp-json\/wp\/v2\/product_brand?post=11918"},{"taxonomy":"product_cat","embeddable":true,"href":"https:\/\/www.keune.hr\/webshop\/wp-json\/wp\/v2\/product_cat?post=11918"},{"taxonomy":"product_tag","embeddable":true,"href":"https:\/\/www.keune.hr\/webshop\/wp-json\/wp\/v2\/product_tag?post=11918"}],"curies":[{"name":"wp","href":"https:\/\/api.w.org\/{rel}","templated":true}]}}