{"id":23540,"date":"2024-09-05T10:34:26","date_gmt":"2024-09-05T08:34:26","guid":{"rendered":"https:\/\/www.keune.hr\/webshop\/?post_type=product&#038;p=23540"},"modified":"2026-05-02T09:33:58","modified_gmt":"2026-05-02T07:33:58","slug":"style-climate-control-200-ml","status":"publish","type":"product","link":"https:\/\/www.keune.hr\/webshop\/style-climate-control-200-ml\/","title":{"rendered":"Style Climate Control 200 ml"},"content":{"rendered":"<p>Oh ti ljetni dani \u2014 tako su primamljivi\u2026ali \u0161to s tim ima tvoja kosa?<\/p>\n<p>Poprskajte finu maglicu Climate Control, dizajniranu da o\u010duvate kosu bez frizzy efekta. Ovaj beste\u017einski sprej pru\u017ea do 90% za\u0161tite od vlage, osiguravaju\u0107i da va\u0161a frizura ostane netaknuta bez obzira na vrijeme. Sa za\u0161titom od topline do 230\u00b0C\/ 446\u00b0F.<\/p>\n<p><strong>Kako koristiti?<\/strong><br \/>\nNakon oblikovanja, raspr\u0161ite na suhu kosu s udaljenosti od 30 cm (12\u201d)<\/p>\n","protected":false},"excerpt":{"rendered":"<p>Prekrasno stilizirana kosa bez frizzy efekta.<\/p>\n<ul>\n<li>Zavr\u0161ni sprej bez te\u017eine<\/li>\n<li>Osigurava 24-satnu za\u0161titu od vlage do 90%*<\/li>\n<li>Za\u0161tita od topline do 230\u00b0C\/446\u00b0F<\/li>\n<\/ul>\n","protected":false},"featured_media":23501,"template":"","meta":{"_acf_changed":false},"product_brand":[],"product_cat":[699,874,702,871,658,686],"product_tag":[],"class_list":{"0":"post-23540","1":"product","2":"type-product","3":"status-publish","4":"has-post-thumbnail","6":"product_cat-robna-marka","7":"product_cat-summer-favorites","8":"product_cat-style","9":"product_cat-fix-and-finish","10":"product_cat-styling","11":"product_cat-sprej-styling","13":"first","14":"instock","15":"taxable","16":"shipping-taxable","17":"purchasable","18":"product-type-simple"},"acf":[],"_links":{"self":[{"href":"https:\/\/www.keune.hr\/webshop\/wp-json\/wp\/v2\/product\/23540","targetHints":{"allow":["GET"]}}],"collection":[{"href":"https:\/\/www.keune.hr\/webshop\/wp-json\/wp\/v2\/product"}],"about":[{"href":"https:\/\/www.keune.hr\/webshop\/wp-json\/wp\/v2\/types\/product"}],"version-history":[{"count":4,"href":"https:\/\/www.keune.hr\/webshop\/wp-json\/wp\/v2\/product\/23540\/revisions"}],"predecessor-version":[{"id":23632,"href":"https:\/\/www.keune.hr\/webshop\/wp-json\/wp\/v2\/product\/23540\/revisions\/23632"}],"wp:featuredmedia":[{"embeddable":true,"href":"https:\/\/www.keune.hr\/webshop\/wp-json\/wp\/v2\/media\/23501"}],"wp:attachment":[{"href":"https:\/\/www.keune.hr\/webshop\/wp-json\/wp\/v2\/media?parent=23540"}],"wp:term":[{"taxonomy":"product_brand","embeddable":true,"href":"https:\/\/www.keune.hr\/webshop\/wp-json\/wp\/v2\/product_brand?post=23540"},{"taxonomy":"product_cat","embeddable":true,"href":"https:\/\/www.keune.hr\/webshop\/wp-json\/wp\/v2\/product_cat?post=23540"},{"taxonomy":"product_tag","embeddable":true,"href":"https:\/\/www.keune.hr\/webshop\/wp-json\/wp\/v2\/product_tag?post=23540"}],"curies":[{"name":"wp","href":"https:\/\/api.w.org\/{rel}","templated":true}]}}