{"id":23546,"date":"2024-09-05T10:37:30","date_gmt":"2024-09-05T08:37:30","guid":{"rendered":"https:\/\/www.keune.hr\/webshop\/?post_type=product&#038;p=23546"},"modified":"2026-04-28T05:33:27","modified_gmt":"2026-04-28T03:33:27","slug":"style-air-wax-200-ml","status":"publish","type":"product","link":"https:\/\/www.keune.hr\/webshop\/style-air-wax-200-ml\/","title":{"rendered":"Style Air Wax 200 ml"},"content":{"rendered":"<p>Otklju\u010dajte privla\u010dnost svoje kose s na\u0161im laganim voskom u spreju. Ultrafina, nemasna formula koja dodaje prozra\u010dan dodir teksture i definira va\u0161 stil.<\/p>\n<p><strong>Kako koristiti?<\/strong><\/p>\n<ul>\n<li>Dobro protresite prije upotrebe kako biste bili sigurni da se aktivni sastojci ravnomjerno rasporede<\/li>\n<li>Poprskajte izravno na suhu kosu iz daljine od 30 cm (12\u201d)<\/li>\n<li>Oblikujte kosu po \u017eelji<\/li>\n<\/ul>\n","protected":false},"excerpt":{"rendered":"<p>Dodaje teksturu, sjaj i definiciju va\u0161oj kosi zadr\u017eavaju\u0107i lagan i prirodan osje\u0107aj.<\/p>\n<ul>\n<li>Lagana, ultrafina, nemasna formula<\/li>\n<li>Stvara teksturu i definiciju<\/li>\n<li>Dodaje prirodan sjaj<\/li>\n<\/ul>\n","protected":false},"featured_media":23503,"template":"","meta":{"_acf_changed":false},"product_brand":[],"product_cat":[699,702,868,658,688],"product_tag":[],"class_list":{"0":"post-23546","1":"product","2":"type-product","3":"status-publish","4":"has-post-thumbnail","6":"product_cat-robna-marka","7":"product_cat-style","8":"product_cat-shape-and-texture","9":"product_cat-styling","10":"product_cat-vosak","12":"first","13":"instock","14":"taxable","15":"shipping-taxable","16":"purchasable","17":"product-type-simple"},"acf":[],"_links":{"self":[{"href":"https:\/\/www.keune.hr\/webshop\/wp-json\/wp\/v2\/product\/23546","targetHints":{"allow":["GET"]}}],"collection":[{"href":"https:\/\/www.keune.hr\/webshop\/wp-json\/wp\/v2\/product"}],"about":[{"href":"https:\/\/www.keune.hr\/webshop\/wp-json\/wp\/v2\/types\/product"}],"version-history":[{"count":4,"href":"https:\/\/www.keune.hr\/webshop\/wp-json\/wp\/v2\/product\/23546\/revisions"}],"predecessor-version":[{"id":23634,"href":"https:\/\/www.keune.hr\/webshop\/wp-json\/wp\/v2\/product\/23546\/revisions\/23634"}],"wp:featuredmedia":[{"embeddable":true,"href":"https:\/\/www.keune.hr\/webshop\/wp-json\/wp\/v2\/media\/23503"}],"wp:attachment":[{"href":"https:\/\/www.keune.hr\/webshop\/wp-json\/wp\/v2\/media?parent=23546"}],"wp:term":[{"taxonomy":"product_brand","embeddable":true,"href":"https:\/\/www.keune.hr\/webshop\/wp-json\/wp\/v2\/product_brand?post=23546"},{"taxonomy":"product_cat","embeddable":true,"href":"https:\/\/www.keune.hr\/webshop\/wp-json\/wp\/v2\/product_cat?post=23546"},{"taxonomy":"product_tag","embeddable":true,"href":"https:\/\/www.keune.hr\/webshop\/wp-json\/wp\/v2\/product_tag?post=23546"}],"curies":[{"name":"wp","href":"https:\/\/api.w.org\/{rel}","templated":true}]}}