{"id":23575,"date":"2024-09-05T11:10:10","date_gmt":"2024-09-05T09:10:10","guid":{"rendered":"https:\/\/www.keune.hr\/webshop\/?post_type=product&#038;p=23575"},"modified":"2026-04-28T07:33:46","modified_gmt":"2026-04-28T05:33:46","slug":"style-shine-therapy-200-ml","status":"publish","type":"product","link":"https:\/\/www.keune.hr\/webshop\/style-shine-therapy-200-ml\/","title":{"rendered":"Style Shine Therapy 200 ml"},"content":{"rendered":"<p>Otklju\u010dajte sjaj svoje frizure uz na\u0161u terapiju sjaja, formula bez te\u017eine koja poja\u010dava sjaj do 80%*.<\/p>\n<p><strong>Kako koristiti?<\/strong><br \/>\nJednostavno nanesite na suhu kosu s udaljenosti od 30 cm (12\u201d) kao zavr\u0161ni detalj.<\/p>\n","protected":false},"excerpt":{"rendered":"<p>Pru\u017ea ultra-sjajni zavr\u0161etak.<\/p>\n<ul>\n<li>Pove\u0107ava sjaj do 80%*<\/li>\n<li>Formula bez te\u017eine, nemasna, neljepljiva<\/li>\n<li>Zavr\u0161ni dodir za svaki styling<\/li>\n<\/ul>\n","protected":false},"featured_media":23512,"template":"","meta":{"_acf_changed":false},"product_brand":[],"product_cat":[699,702,870,658,686],"product_tag":[],"class_list":{"0":"post-23575","1":"product","2":"type-product","3":"status-publish","4":"has-post-thumbnail","6":"product_cat-robna-marka","7":"product_cat-style","8":"product_cat-smooth-and-shine","9":"product_cat-styling","10":"product_cat-sprej-styling","12":"first","13":"instock","14":"taxable","15":"shipping-taxable","16":"purchasable","17":"product-type-simple"},"acf":[],"_links":{"self":[{"href":"https:\/\/www.keune.hr\/webshop\/wp-json\/wp\/v2\/product\/23575","targetHints":{"allow":["GET"]}}],"collection":[{"href":"https:\/\/www.keune.hr\/webshop\/wp-json\/wp\/v2\/product"}],"about":[{"href":"https:\/\/www.keune.hr\/webshop\/wp-json\/wp\/v2\/types\/product"}],"version-history":[{"count":3,"href":"https:\/\/www.keune.hr\/webshop\/wp-json\/wp\/v2\/product\/23575\/revisions"}],"predecessor-version":[{"id":23643,"href":"https:\/\/www.keune.hr\/webshop\/wp-json\/wp\/v2\/product\/23575\/revisions\/23643"}],"wp:featuredmedia":[{"embeddable":true,"href":"https:\/\/www.keune.hr\/webshop\/wp-json\/wp\/v2\/media\/23512"}],"wp:attachment":[{"href":"https:\/\/www.keune.hr\/webshop\/wp-json\/wp\/v2\/media?parent=23575"}],"wp:term":[{"taxonomy":"product_brand","embeddable":true,"href":"https:\/\/www.keune.hr\/webshop\/wp-json\/wp\/v2\/product_brand?post=23575"},{"taxonomy":"product_cat","embeddable":true,"href":"https:\/\/www.keune.hr\/webshop\/wp-json\/wp\/v2\/product_cat?post=23575"},{"taxonomy":"product_tag","embeddable":true,"href":"https:\/\/www.keune.hr\/webshop\/wp-json\/wp\/v2\/product_tag?post=23575"}],"curies":[{"name":"wp","href":"https:\/\/api.w.org\/{rel}","templated":true}]}}