{"id":23587,"date":"2024-09-05T11:16:03","date_gmt":"2024-09-05T09:16:03","guid":{"rendered":"https:\/\/www.keune.hr\/webshop\/?post_type=product&#038;p=23587"},"modified":"2026-05-16T23:33:48","modified_gmt":"2026-05-16T21:33:48","slug":"style-get-a-grip-200-ml","status":"publish","type":"product","link":"https:\/\/www.keune.hr\/webshop\/style-get-a-grip-200-ml\/","title":{"rendered":"Style Get a Grip 200 ml"},"content":{"rendered":"<p>Ovaj nevidljivi sprej za suho teksturiranje dodaje volumen i ra\u0161\u010dupanu teksturu, srednje \u010dvrsto\u0107e. Sadr\u017ei Dry Cleansing, kompleks za suho \u010di\u0161\u0107enje sa zeolitom za upijanje ulja.<\/p>\n<p><strong>Kako koristiti?<\/strong><\/p>\n<ul>\n<li>Protresite, zatim poprskajte na korijen suhe kose na udaljenosti od 15 cm (6\u201d) i utrljajte.<\/li>\n<li>Fokusirajte se na podru\u010dja u koja \u017eelite dodati teksturu.<\/li>\n<li>Oblikujte kosu po \u017eelji, bez obzira jeste li \u017eeljeli ra\u0161\u010dupane valove, teksturirane pletenice, ili voluminoznu podignutu kosu<\/li>\n<\/ul>\n","protected":false},"excerpt":{"rendered":"<ul>\n<li>Trenuta\u010dno svje\u017ea i punija kosa.<\/li>\n<li>Dry Cleansing kompleks za suho \u010di\u0161\u0107enje za \u010disto vlasi\u0161te<\/li>\n<li>Volumen i tekstura<\/li>\n<li>Fleksibilno u\u010dvr\u0161\u0107enje<\/li>\n<li>Ne ostavlja bijele tragove, \u0161to ga tako\u0111er \u010dini savr\u0161enim za tamniju kosu<\/li>\n<\/ul>\n","protected":false},"featured_media":23516,"template":"","meta":{"_acf_changed":false},"product_brand":[],"product_cat":[699,686,702,658,874,869],"product_tag":[],"class_list":{"0":"post-23587","1":"product","2":"type-product","3":"status-publish","4":"has-post-thumbnail","6":"product_cat-robna-marka","7":"product_cat-sprej-styling","8":"product_cat-style","9":"product_cat-styling","10":"product_cat-summer-favorites","11":"product_cat-volume-and-grip","13":"first","14":"instock","15":"taxable","16":"shipping-taxable","17":"purchasable","18":"product-type-simple"},"acf":[],"_links":{"self":[{"href":"https:\/\/www.keune.hr\/webshop\/wp-json\/wp\/v2\/product\/23587","targetHints":{"allow":["GET"]}}],"collection":[{"href":"https:\/\/www.keune.hr\/webshop\/wp-json\/wp\/v2\/product"}],"about":[{"href":"https:\/\/www.keune.hr\/webshop\/wp-json\/wp\/v2\/types\/product"}],"version-history":[{"count":3,"href":"https:\/\/www.keune.hr\/webshop\/wp-json\/wp\/v2\/product\/23587\/revisions"}],"predecessor-version":[{"id":23647,"href":"https:\/\/www.keune.hr\/webshop\/wp-json\/wp\/v2\/product\/23587\/revisions\/23647"}],"wp:featuredmedia":[{"embeddable":true,"href":"https:\/\/www.keune.hr\/webshop\/wp-json\/wp\/v2\/media\/23516"}],"wp:attachment":[{"href":"https:\/\/www.keune.hr\/webshop\/wp-json\/wp\/v2\/media?parent=23587"}],"wp:term":[{"taxonomy":"product_brand","embeddable":true,"href":"https:\/\/www.keune.hr\/webshop\/wp-json\/wp\/v2\/product_brand?post=23587"},{"taxonomy":"product_cat","embeddable":true,"href":"https:\/\/www.keune.hr\/webshop\/wp-json\/wp\/v2\/product_cat?post=23587"},{"taxonomy":"product_tag","embeddable":true,"href":"https:\/\/www.keune.hr\/webshop\/wp-json\/wp\/v2\/product_tag?post=23587"}],"curies":[{"name":"wp","href":"https:\/\/api.w.org\/{rel}","templated":true}]}}