{"id":24484,"date":"2024-12-08T17:28:47","date_gmt":"2024-12-08T16:28:47","guid":{"rendered":"https:\/\/www.keune.hr\/webshop\/?post_type=product&#038;p=24484"},"modified":"2026-03-17T17:48:57","modified_gmt":"2026-03-17T16:48:57","slug":"so-pure-clarify-conditioner-set","status":"publish","type":"product","link":"https:\/\/www.keune.hr\/webshop\/so-pure-clarify-conditioner-set\/","title":{"rendered":"So Pure Clarify Conditioner Set"},"content":{"rendered":"<p>Anti-pollution kompleks protiv one\u010di\u0161\u0107enja poma\u017ee za\u0161tititi kosu od \u0161tetnih utjecaja iz okoli\u0161a. Sadr\u017ei detoksiciraju\u0107u nar granatu, koja doprinosi ravnote\u017ei i zdravlju kose.<\/p>\n<ul>\n<li>Veganski i bez okrutnosti prema \u017eivotinjama<\/li>\n<li>Uglji\u010dno neutralan<\/li>\n<li>Bez glutena, silikona i umjetnih bojila<\/li>\n<li>Mogu\u0107nost ponovnog punjenja<\/li>\n<li>Koncentrirana formula<\/li>\n<li>Pogodno za obojenu kosu<\/li>\n<li>96% prirodnog podrijetla<\/li>\n<\/ul>\n<p><strong>UPOTREBA:<\/strong>\u00a0Nanesite na svje\u017ee opranu i ru\u010dnikom osu\u0161enu kosu. Ostavite da djeluje 1 do 3 minute kako bi regenerator ispunio svoju funkciju. Temeljito isperite.<\/p>\n","protected":false},"excerpt":{"rendered":"<p><strong>Ovaj paket sadr\u017ei regenerator So Pure Clarify (400 ml) i bo\u010dicu za ponovno punjenje.<\/strong><br \/>\nSo Pure Clarify regenerator\u00a0 hidratizira i poma\u017ee za\u0161tititi kosu od \u010destica zaga\u0111enja. Ostavlja kosu mekanom, za\u0161ti\u0107enom i spremnom za dan.<\/p>\n","protected":false},"featured_media":24485,"template":"","meta":{"_acf_changed":false},"product_brand":[],"product_cat":[657,664,706],"product_tag":[],"class_list":{"0":"post-24484","1":"product","2":"type-product","3":"status-publish","4":"has-post-thumbnail","6":"product_cat-njega-kose","7":"product_cat-regenerator","8":"product_cat-so-pure","10":"first","11":"instock","12":"taxable","13":"shipping-taxable","14":"purchasable","15":"product-type-simple"},"acf":[],"_links":{"self":[{"href":"https:\/\/www.keune.hr\/webshop\/wp-json\/wp\/v2\/product\/24484","targetHints":{"allow":["GET"]}}],"collection":[{"href":"https:\/\/www.keune.hr\/webshop\/wp-json\/wp\/v2\/product"}],"about":[{"href":"https:\/\/www.keune.hr\/webshop\/wp-json\/wp\/v2\/types\/product"}],"version-history":[{"count":3,"href":"https:\/\/www.keune.hr\/webshop\/wp-json\/wp\/v2\/product\/24484\/revisions"}],"predecessor-version":[{"id":24567,"href":"https:\/\/www.keune.hr\/webshop\/wp-json\/wp\/v2\/product\/24484\/revisions\/24567"}],"wp:featuredmedia":[{"embeddable":true,"href":"https:\/\/www.keune.hr\/webshop\/wp-json\/wp\/v2\/media\/24485"}],"wp:attachment":[{"href":"https:\/\/www.keune.hr\/webshop\/wp-json\/wp\/v2\/media?parent=24484"}],"wp:term":[{"taxonomy":"product_brand","embeddable":true,"href":"https:\/\/www.keune.hr\/webshop\/wp-json\/wp\/v2\/product_brand?post=24484"},{"taxonomy":"product_cat","embeddable":true,"href":"https:\/\/www.keune.hr\/webshop\/wp-json\/wp\/v2\/product_cat?post=24484"},{"taxonomy":"product_tag","embeddable":true,"href":"https:\/\/www.keune.hr\/webshop\/wp-json\/wp\/v2\/product_tag?post=24484"}],"curies":[{"name":"wp","href":"https:\/\/api.w.org\/{rel}","templated":true}]}}