{"id":27838,"date":"2026-05-04T13:11:37","date_gmt":"2026-05-04T11:11:37","guid":{"rendered":"https:\/\/www.keune.hr\/webshop\/?post_type=product&#038;p=27838"},"modified":"2026-05-04T13:15:18","modified_gmt":"2026-05-04T11:15:18","slug":"style-steel-lock-300ml","status":"publish","type":"product","link":"https:\/\/www.keune.hr\/webshop\/style-steel-lock-300ml\/","title":{"rendered":"Style Steel Lock"},"content":{"rendered":"<p>Lak za kosu s najja\u010dim u\u010dvr\u0161\u0107ivanjem \u2013 osmi\u0161ljen za dugotrajnu postojanost, izra\u017eajne frizure i pouzdanost u svim vremenskim uvjetima.<\/p>\n<p><strong>Miris:<\/strong> Rhubarb Boom<\/p>\n<ul>\n<li>Ekstremno u\u010dvr\u0161\u0107ivanje do 72 sata*<\/li>\n<li>\u00a0Izuzetno sna\u017ena fiksacija<\/li>\n<li>\u201cFreeze\u201d efekt do sljede\u0107eg pranja<\/li>\n<\/ul>\n","protected":false},"excerpt":{"rendered":"<p>Steel Lock je <strong>najja\u010di lak iz Keune asortimana.<\/strong> Razvijen za situacije u kojima frizura mora izdr\u017eati bez iznimke, nudi <strong>extreme hold do 72 sata<\/strong> i freeze efekt koji se zadr\u017eava do sljede\u0107eg pranja.<\/p>\n","protected":false},"featured_media":27833,"template":"","meta":{"_acf_changed":false},"product_brand":[],"product_cat":[699,702,714,871,658,680],"product_tag":[],"class_list":{"0":"post-27838","1":"product","2":"type-product","3":"status-publish","4":"has-post-thumbnail","6":"product_cat-robna-marka","7":"product_cat-style","8":"product_cat-fix","9":"product_cat-fix-and-finish","10":"product_cat-styling","11":"product_cat-lak","13":"first","14":"instock","15":"taxable","16":"shipping-taxable","17":"purchasable","18":"product-type-simple"},"acf":[],"_links":{"self":[{"href":"https:\/\/www.keune.hr\/webshop\/wp-json\/wp\/v2\/product\/27838","targetHints":{"allow":["GET"]}}],"collection":[{"href":"https:\/\/www.keune.hr\/webshop\/wp-json\/wp\/v2\/product"}],"about":[{"href":"https:\/\/www.keune.hr\/webshop\/wp-json\/wp\/v2\/types\/product"}],"version-history":[{"count":1,"href":"https:\/\/www.keune.hr\/webshop\/wp-json\/wp\/v2\/product\/27838\/revisions"}],"predecessor-version":[{"id":27839,"href":"https:\/\/www.keune.hr\/webshop\/wp-json\/wp\/v2\/product\/27838\/revisions\/27839"}],"wp:featuredmedia":[{"embeddable":true,"href":"https:\/\/www.keune.hr\/webshop\/wp-json\/wp\/v2\/media\/27833"}],"wp:attachment":[{"href":"https:\/\/www.keune.hr\/webshop\/wp-json\/wp\/v2\/media?parent=27838"}],"wp:term":[{"taxonomy":"product_brand","embeddable":true,"href":"https:\/\/www.keune.hr\/webshop\/wp-json\/wp\/v2\/product_brand?post=27838"},{"taxonomy":"product_cat","embeddable":true,"href":"https:\/\/www.keune.hr\/webshop\/wp-json\/wp\/v2\/product_cat?post=27838"},{"taxonomy":"product_tag","embeddable":true,"href":"https:\/\/www.keune.hr\/webshop\/wp-json\/wp\/v2\/product_tag?post=27838"}],"curies":[{"name":"wp","href":"https:\/\/api.w.org\/{rel}","templated":true}]}}